{"id":753,"date":"2014-10-23T09:24:42","date_gmt":"2014-10-23T09:24:42","guid":{"rendered":"http:\/\/auferiberia.es\/?page_id=753&#038;lang=en"},"modified":"2023-10-25T11:58:45","modified_gmt":"2023-10-25T09:58:45","slug":"condo-remodeling","status":"publish","type":"page","link":"https:\/\/auferiberia.es\/en\/our-services\/condo-remodeling\/","title":{"rendered":"Maintenance and repair"},"content":{"rendered":"<div id=\"pl-753\"  class=\"panel-layout\" ><div id=\"pg-753-0\"  class=\"panel-grid panel-no-style\" ><div id=\"pgc-753-0-0\"  class=\"panel-grid-cell\" ><div id=\"panel-753-0-0-0\" class=\"so-panel widget widget_black-studio-tinymce widget_black_studio_tinymce panel-first-child panel-last-child\" data-index=\"0\" ><div class=\"textwidget\"><p><span id=\"result_box\" class=\"\" lang=\"en\"><span title=\"Ofrecemos un servicio de asistencia t\u00e9cnica para la instalaci\u00f3n, reparaci\u00f3n, montajes completos de maquinaria, revisiones programadas, modificaciones, traslados y mantenimiento de maquinaria industrial. \">We offer technical service for installation, repair, scheduled revisions, modifications, movements and maintenance.<br \/><\/span><span title=\"Nuestro principal objetivo es dar un buen servicio tanto en relacion calidad-precio como en cumplimiento de plazos. \">Our main objective is to provide a good service both in relation quality-price as in compliance with deadlines.<\/span><\/span><\/p>\n<p><span title=\"Nos podemos desplazar a cualquier parte de Espa\u00f1a, y tambi\u00e9n hacemos trabajos en el extranjero.\">We can move to any part of Spain, and we also do jobs abroad. <\/span><span title=\"Tenemos un equipo de personal cualificado que acumula mas de 15 a\u00f1os de experiencia en maquinaria de alta precisi\u00f3n, disponemos de conocimientos hidr\u00e1ulicos, neum\u00e1ticos, el\u00e9ctricos, electr\u00f3nicos, mecanicos, asi como de la capacidad de comunicaci\u00f3n en diversos idiomas. \">We have a team of qualified personnel that accumulates more than 20 years of experience in high precision machinery, we have knowledge of hydraulic, pneumatic, electrical, electronic, mechanical, as well as the ability to communicate in various languages.<\/span><\/p>\n<p>\u00a0<\/p>\n<p><span title=\"En caso de que sea de su inter\u00e9s podemos mandarles una hoja de tarifas. \">In case it is of your interest, we can send you our working rates.<\/span><\/p>\n<p><span title=\"Tambi\u00e9n est\u00e1 disponible la posibilidad de hacer un contrato anual de mantenimiento personalizado de acuerdo con sus necesidades.\">The possibility of making an annual maintenance contract customized according to your needs is also available.<\/span><\/p>\n<\/div><\/div><\/div><div id=\"pgc-753-0-1\"  class=\"panel-grid-cell\" ><div id=\"panel-753-0-1-0\" class=\"so-panel widget widget_black-studio-tinymce widget_black_studio_tinymce panel-first-child panel-last-child\" data-index=\"1\" ><div class=\"textwidget\"><p><a href=\"http:\/\/auferiberia.es\/wp-content\/uploads\/2014\/10\/servicio-tecnico.jpg\" rel=\"attachment wp-att-827\"><img fetchpriority=\"high\" decoding=\"async\" class=\"alignnone wp-image-827\" src=\"http:\/\/auferiberia.es\/wp-content\/uploads\/2014\/10\/servicio-tecnico.jpg\" alt=\"servicio tecnico\" width=\"505\" height=\"206\" srcset=\"https:\/\/auferiberia.es\/wp-content\/uploads\/2014\/10\/servicio-tecnico.jpg 825w, https:\/\/auferiberia.es\/wp-content\/uploads\/2014\/10\/servicio-tecnico-300x122.jpg 300w, https:\/\/auferiberia.es\/wp-content\/uploads\/2014\/10\/servicio-tecnico-768x313.jpg 768w, https:\/\/auferiberia.es\/wp-content\/uploads\/2014\/10\/servicio-tecnico-555x226.jpg 555w\" sizes=\"(max-width: 505px) 100vw, 505px\" \/><\/a><\/p>\n<\/div><\/div><\/div><\/div><\/div>","protected":false},"excerpt":{"rendered":"<p>We offer technical service for installation, repair, scheduled revisions, modifications, movements and maintenance of industrial machinery.<\/p>\n","protected":false},"author":1,"featured_media":827,"parent":708,"menu_order":0,"comment_status":"closed","ping_status":"closed","template":"","meta":{"inline_featured_image":false,"_joinchat":[],"footnotes":""},"class_list":["post-753","page","type-page","status-publish","has-post-thumbnail","hentry"],"yoast_head":"<!-- This site is optimized with the Yoast SEO plugin v26.1 - https:\/\/yoast.com\/wordpress\/plugins\/seo\/ -->\r\n<title>Maintenance and repair - Aufer Solutions<\/title>\r\n<meta name=\"robots\" content=\"index, follow, max-snippet:-1, max-image-preview:large, max-video-preview:-1\" \/>\r\n<link rel=\"canonical\" href=\"https:\/\/auferiberia.es\/en\/our-services\/condo-remodeling\/\" \/>\r\n<meta property=\"og:locale\" content=\"en_US\" \/>\r\n<meta property=\"og:type\" content=\"article\" \/>\r\n<meta property=\"og:title\" content=\"Maintenance and repair - Aufer Solutions\" \/>\r\n<meta property=\"og:description\" content=\"We offer technical service for installation, repair, scheduled revisions, modifications, movements and maintenance of industrial machinery.\" \/>\r\n<meta property=\"og:url\" content=\"https:\/\/auferiberia.es\/en\/our-services\/condo-remodeling\/\" \/>\r\n<meta property=\"og:site_name\" content=\"Aufer Solutions\" \/>\r\n<meta property=\"article:modified_time\" content=\"2023-10-25T09:58:45+00:00\" \/>\r\n<meta property=\"og:image\" content=\"https:\/\/auferiberia.es\/wp-content\/uploads\/2014\/10\/servicio-tecnico.jpg\" \/>\r\n\t<meta property=\"og:image:width\" content=\"825\" \/>\r\n\t<meta property=\"og:image:height\" content=\"336\" \/>\r\n\t<meta property=\"og:image:type\" content=\"image\/jpeg\" \/>\r\n<meta name=\"twitter:card\" content=\"summary_large_image\" \/>\r\n<meta name=\"twitter:label1\" content=\"Est. reading time\" \/>\n\t<meta name=\"twitter:data1\" content=\"1 minute\" \/>\r\n<script type=\"application\/ld+json\" class=\"yoast-schema-graph\">{\"@context\":\"https:\/\/schema.org\",\"@graph\":[{\"@type\":\"WebPage\",\"@id\":\"https:\/\/auferiberia.es\/en\/our-services\/condo-remodeling\/\",\"url\":\"https:\/\/auferiberia.es\/en\/our-services\/condo-remodeling\/\",\"name\":\"Maintenance and repair - Aufer Solutions\",\"isPartOf\":{\"@id\":\"https:\/\/auferiberia.es\/#website\"},\"primaryImageOfPage\":{\"@id\":\"https:\/\/auferiberia.es\/en\/our-services\/condo-remodeling\/#primaryimage\"},\"image\":{\"@id\":\"https:\/\/auferiberia.es\/en\/our-services\/condo-remodeling\/#primaryimage\"},\"thumbnailUrl\":\"https:\/\/auferiberia.es\/wp-content\/uploads\/2014\/10\/servicio-tecnico.jpg\",\"datePublished\":\"2014-10-23T09:24:42+00:00\",\"dateModified\":\"2023-10-25T09:58:45+00:00\",\"breadcrumb\":{\"@id\":\"https:\/\/auferiberia.es\/en\/our-services\/condo-remodeling\/#breadcrumb\"},\"inLanguage\":\"en-US\",\"potentialAction\":[{\"@type\":\"ReadAction\",\"target\":[\"https:\/\/auferiberia.es\/en\/our-services\/condo-remodeling\/\"]}]},{\"@type\":\"ImageObject\",\"inLanguage\":\"en-US\",\"@id\":\"https:\/\/auferiberia.es\/en\/our-services\/condo-remodeling\/#primaryimage\",\"url\":\"https:\/\/auferiberia.es\/wp-content\/uploads\/2014\/10\/servicio-tecnico.jpg\",\"contentUrl\":\"https:\/\/auferiberia.es\/wp-content\/uploads\/2014\/10\/servicio-tecnico.jpg\",\"width\":825,\"height\":336},{\"@type\":\"BreadcrumbList\",\"@id\":\"https:\/\/auferiberia.es\/en\/our-services\/condo-remodeling\/#breadcrumb\",\"itemListElement\":[{\"@type\":\"ListItem\",\"position\":1,\"name\":\"Portada\",\"item\":\"https:\/\/auferiberia.es\/en\/nuevo-inicio\/\"},{\"@type\":\"ListItem\",\"position\":2,\"name\":\"ROTOGRAVURE PRODUCTS\",\"item\":\"https:\/\/auferiberia.es\/en\/?page_id=708\"},{\"@type\":\"ListItem\",\"position\":3,\"name\":\"Maintenance and repair\"}]},{\"@type\":\"WebSite\",\"@id\":\"https:\/\/auferiberia.es\/#website\",\"url\":\"https:\/\/auferiberia.es\/\",\"name\":\"Aufer Solutions\",\"description\":\"\",\"publisher\":{\"@id\":\"https:\/\/auferiberia.es\/#organization\"},\"potentialAction\":[{\"@type\":\"SearchAction\",\"target\":{\"@type\":\"EntryPoint\",\"urlTemplate\":\"https:\/\/auferiberia.es\/?s={search_term_string}\"},\"query-input\":{\"@type\":\"PropertyValueSpecification\",\"valueRequired\":true,\"valueName\":\"search_term_string\"}}],\"inLanguage\":\"en-US\"},{\"@type\":\"Organization\",\"@id\":\"https:\/\/auferiberia.es\/#organization\",\"name\":\"Aufer Solutions\",\"url\":\"https:\/\/auferiberia.es\/\",\"logo\":{\"@type\":\"ImageObject\",\"inLanguage\":\"en-US\",\"@id\":\"https:\/\/auferiberia.es\/#\/schema\/logo\/image\/\",\"url\":\"https:\/\/auferiberia.es\/wp-content\/uploads\/2018\/10\/AUFER_SOLUTIONS_COLOR-1400x425.jpg\",\"contentUrl\":\"https:\/\/auferiberia.es\/wp-content\/uploads\/2018\/10\/AUFER_SOLUTIONS_COLOR-1400x425.jpg\",\"width\":1400,\"height\":425,\"caption\":\"Aufer Solutions\"},\"image\":{\"@id\":\"https:\/\/auferiberia.es\/#\/schema\/logo\/image\/\"}}]}<\/script>\r\n<!-- \/ Yoast SEO plugin. -->","yoast_head_json":{"title":"Maintenance and repair - Aufer Solutions","robots":{"index":"index","follow":"follow","max-snippet":"max-snippet:-1","max-image-preview":"max-image-preview:large","max-video-preview":"max-video-preview:-1"},"canonical":"https:\/\/auferiberia.es\/en\/our-services\/condo-remodeling\/","og_locale":"en_US","og_type":"article","og_title":"Maintenance and repair - Aufer Solutions","og_description":"We offer technical service for installation, repair, scheduled revisions, modifications, movements and maintenance of industrial machinery.","og_url":"https:\/\/auferiberia.es\/en\/our-services\/condo-remodeling\/","og_site_name":"Aufer Solutions","article_modified_time":"2023-10-25T09:58:45+00:00","og_image":[{"width":825,"height":336,"url":"https:\/\/auferiberia.es\/wp-content\/uploads\/2014\/10\/servicio-tecnico.jpg","type":"image\/jpeg"}],"twitter_card":"summary_large_image","twitter_misc":{"Est. reading time":"1 minute"},"schema":{"@context":"https:\/\/schema.org","@graph":[{"@type":"WebPage","@id":"https:\/\/auferiberia.es\/en\/our-services\/condo-remodeling\/","url":"https:\/\/auferiberia.es\/en\/our-services\/condo-remodeling\/","name":"Maintenance and repair - Aufer Solutions","isPartOf":{"@id":"https:\/\/auferiberia.es\/#website"},"primaryImageOfPage":{"@id":"https:\/\/auferiberia.es\/en\/our-services\/condo-remodeling\/#primaryimage"},"image":{"@id":"https:\/\/auferiberia.es\/en\/our-services\/condo-remodeling\/#primaryimage"},"thumbnailUrl":"https:\/\/auferiberia.es\/wp-content\/uploads\/2014\/10\/servicio-tecnico.jpg","datePublished":"2014-10-23T09:24:42+00:00","dateModified":"2023-10-25T09:58:45+00:00","breadcrumb":{"@id":"https:\/\/auferiberia.es\/en\/our-services\/condo-remodeling\/#breadcrumb"},"inLanguage":"en-US","potentialAction":[{"@type":"ReadAction","target":["https:\/\/auferiberia.es\/en\/our-services\/condo-remodeling\/"]}]},{"@type":"ImageObject","inLanguage":"en-US","@id":"https:\/\/auferiberia.es\/en\/our-services\/condo-remodeling\/#primaryimage","url":"https:\/\/auferiberia.es\/wp-content\/uploads\/2014\/10\/servicio-tecnico.jpg","contentUrl":"https:\/\/auferiberia.es\/wp-content\/uploads\/2014\/10\/servicio-tecnico.jpg","width":825,"height":336},{"@type":"BreadcrumbList","@id":"https:\/\/auferiberia.es\/en\/our-services\/condo-remodeling\/#breadcrumb","itemListElement":[{"@type":"ListItem","position":1,"name":"Portada","item":"https:\/\/auferiberia.es\/en\/nuevo-inicio\/"},{"@type":"ListItem","position":2,"name":"ROTOGRAVURE PRODUCTS","item":"https:\/\/auferiberia.es\/en\/?page_id=708"},{"@type":"ListItem","position":3,"name":"Maintenance and repair"}]},{"@type":"WebSite","@id":"https:\/\/auferiberia.es\/#website","url":"https:\/\/auferiberia.es\/","name":"Aufer Solutions","description":"","publisher":{"@id":"https:\/\/auferiberia.es\/#organization"},"potentialAction":[{"@type":"SearchAction","target":{"@type":"EntryPoint","urlTemplate":"https:\/\/auferiberia.es\/?s={search_term_string}"},"query-input":{"@type":"PropertyValueSpecification","valueRequired":true,"valueName":"search_term_string"}}],"inLanguage":"en-US"},{"@type":"Organization","@id":"https:\/\/auferiberia.es\/#organization","name":"Aufer Solutions","url":"https:\/\/auferiberia.es\/","logo":{"@type":"ImageObject","inLanguage":"en-US","@id":"https:\/\/auferiberia.es\/#\/schema\/logo\/image\/","url":"https:\/\/auferiberia.es\/wp-content\/uploads\/2018\/10\/AUFER_SOLUTIONS_COLOR-1400x425.jpg","contentUrl":"https:\/\/auferiberia.es\/wp-content\/uploads\/2018\/10\/AUFER_SOLUTIONS_COLOR-1400x425.jpg","width":1400,"height":425,"caption":"Aufer Solutions"},"image":{"@id":"https:\/\/auferiberia.es\/#\/schema\/logo\/image\/"}}]}},"_links":{"self":[{"href":"https:\/\/auferiberia.es\/en\/wp-json\/wp\/v2\/pages\/753","targetHints":{"allow":["GET"]}}],"collection":[{"href":"https:\/\/auferiberia.es\/en\/wp-json\/wp\/v2\/pages"}],"about":[{"href":"https:\/\/auferiberia.es\/en\/wp-json\/wp\/v2\/types\/page"}],"author":[{"embeddable":true,"href":"https:\/\/auferiberia.es\/en\/wp-json\/wp\/v2\/users\/1"}],"replies":[{"embeddable":true,"href":"https:\/\/auferiberia.es\/en\/wp-json\/wp\/v2\/comments?post=753"}],"version-history":[{"count":13,"href":"https:\/\/auferiberia.es\/en\/wp-json\/wp\/v2\/pages\/753\/revisions"}],"predecessor-version":[{"id":870,"href":"https:\/\/auferiberia.es\/en\/wp-json\/wp\/v2\/pages\/753\/revisions\/870"}],"up":[{"embeddable":true,"href":"https:\/\/auferiberia.es\/en\/wp-json\/wp\/v2\/pages\/708"}],"wp:featuredmedia":[{"embeddable":true,"href":"https:\/\/auferiberia.es\/en\/wp-json\/wp\/v2\/media\/827"}],"wp:attachment":[{"href":"https:\/\/auferiberia.es\/en\/wp-json\/wp\/v2\/media?parent=753"}],"curies":[{"name":"wp","href":"https:\/\/api.w.org\/{rel}","templated":true}]}}